{"id":210,"date":"2026-04-15T12:08:53","date_gmt":"2026-04-15T12:08:53","guid":{"rendered":"https:\/\/artur.norbibednar.dev\/?page_id=210"},"modified":"2026-04-15T12:39:58","modified_gmt":"2026-04-15T12:39:58","slug":"metody-pracy","status":"publish","type":"page","link":"https:\/\/artur.norbibednar.dev\/index.php\/metody-pracy\/","title":{"rendered":"Metody pracy"},"content":{"rendered":"\t\t<div data-elementor-type=\"wp-page\" data-elementor-id=\"210\" class=\"elementor elementor-210\">\n\t\t\t\t<div class=\"wd-negative-gap elementor-element elementor-element-a0cb5d4 e-flex e-con-boxed e-con e-parent\" data-id=\"a0cb5d4\" data-element_type=\"container\" data-e-type=\"container\">\n\t\t\t\t\t<div class=\"e-con-inner\">\n\t\t\t\t<div class=\"elementor-element elementor-element-a5e1860 wd-width-100 elementor-widget elementor-widget-wd_title\" data-id=\"a5e1860\" data-element_type=\"widget\" data-e-type=\"widget\" data-widget_type=\"wd_title.default\">\n\t\t\t\t<div class=\"elementor-widget-container\">\n\t\t\t\t\t\t\t<div class=\"title-wrapper wd-set-mb reset-last-child wd-title-color-default wd-title-style-default wd-title-size-extra-large text-center\">\n\n\t\t\t\n\t\t\t<div class=\"liner-continer\">\n\t\t\t\t<h4 class=\"woodmart-title-container title wd-fontsize-xxxl\">Metody pracy<\/h4> \n\t\t\t\t\t\t\t<\/div>\n\n\t\t\t\t\t<\/div>\n\t\t\t\t\t\t<\/div>\n\t\t\t\t<\/div>\n\t\t\t\t<div class=\"elementor-element elementor-element-8fa0d47 text-center wd-el-breadcrumbs elementor-widget elementor-widget-wd_element_breadcrumbs\" data-id=\"8fa0d47\" data-element_type=\"widget\" data-e-type=\"widget\" data-widget_type=\"wd_element_breadcrumbs.default\">\n\t\t\t\t<div class=\"elementor-widget-container\">\n\t\t\t\t\t<nav class=\"wd-breadcrumbs\"><a href=\"https:\/\/artur.norbibednar.dev\/\">Home<\/a><span class=\"wd-delimiter\"><\/span><span class=\"wd-last\">Strona<\/span><\/nav>\t\t\t\t<\/div>\n\t\t\t\t<\/div>\n\t\t\t\t<div class=\"elementor-element elementor-element-45c793b elementor-widget elementor-widget-wd_text_block\" data-id=\"45c793b\" data-element_type=\"widget\" data-e-type=\"widget\" data-widget_type=\"wd_text_block.default\">\n\t\t\t\t<div class=\"elementor-widget-container\">\n\t\t\t\t\t\t\t<div class=\"wd-text-block reset-last-child text-center\">\n\t\t\t\n\t\t\t<p>Nie pracuj\u0119 jedn\u0105 metod\u0105. Dobieram spos\u00f3b pracy do sytuacji, osoby i tego, co w danym momencie wymaga uwagi. Ka\u017cde spotkanie jest indywidualne. Oparte na uwa\u017cno\u015bci, do\u015bwiadczeniu i rozpoznaniu tego, co rzeczywi\u015bcie wp\u0142ywa na decyzje, relacje i kierunek dzia\u0142ania.<\/p>\n\t\t\t\t\t<\/div>\n\t\t\t\t\t\t<\/div>\n\t\t\t\t<\/div>\n\t\t\t\t\t<\/div>\n\t\t\t\t<\/div>\n\t\t<div class=\"wd-negative-gap elementor-element elementor-element-5161d22 e-flex e-con-boxed e-con e-parent\" data-id=\"5161d22\" data-element_type=\"container\" data-e-type=\"container\">\n\t\t\t\t\t<div class=\"e-con-inner\">\n\t\t\t\t<div class=\"elementor-element elementor-element-2811365 elementor-widget elementor-widget-wd_infobox\" data-id=\"2811365\" data-element_type=\"widget\" data-e-type=\"widget\" data-widget_type=\"wd_infobox.default\">\n\t\t\t\t<div class=\"elementor-widget-container\">\n\t\t\t\t\t\t\t<div class=\"info-box-wrapper\">\n\t\t\t<div class=\"wd-info-box text-left box-icon-align-left box-style-base color-scheme- wd-items-middle\">\n\t\t\t\t\n\t\t\t\t<div class=\"info-box-content\">\n\t\t\t\t\t\n\t\t\t\t\t\t\t\t\t\t\t<h2\t\t\t\t\t\tclass=\"info-box-title title box-title-style-default wd-fontsize-xl\" data-elementor-setting-key=\"title\">\n\t\t\t\t\t\t\t\tSesje coachingowe\t\t\t\t\t\t<\/h2>\n\t\t\t\t\t\n\t\t\t\t\t<div class=\"info-box-inner reset-last-child\"data-elementor-setting-key=\"content\"><p>Praca skoncentrowana na decyzji, odpowiedzialno\u015bci i kierunku. Tworzy przestrze\u0144 do zobaczenia sytuacji szerzej \u2014 poza schematami, kt\u00f3re do tej pory wyznacza\u0142y spos\u00f3b my\u015blenia i dzia\u0142ania.<\/p>\n<\/div>\n\n\t\t\t\t\t\t\t\t\t<\/div>\n\n\t\t\t\t\t\t\t\t\t<a href=\"#\" class=\"wd-info-box-link wd-fill\" aria-label=\"Infobox link\"><\/a>\n\t\t\t\t\t\t\t<\/div>\n\t\t<\/div>\n\t\t\t\t\t\t<\/div>\n\t\t\t\t<\/div>\n\t\t\t\t<div class=\"elementor-element elementor-element-45523a4 elementor-widget elementor-widget-wd_infobox\" data-id=\"45523a4\" data-element_type=\"widget\" data-e-type=\"widget\" data-widget_type=\"wd_infobox.default\">\n\t\t\t\t<div class=\"elementor-widget-container\">\n\t\t\t\t\t\t\t<div class=\"info-box-wrapper\">\n\t\t\t<div class=\"wd-info-box text-left box-icon-align-left box-style-base color-scheme- wd-items-middle\">\n\t\t\t\t\n\t\t\t\t<div class=\"info-box-content\">\n\t\t\t\t\t\n\t\t\t\t\t\t\t\t\t\t\t<h2\t\t\t\t\t\tclass=\"info-box-title title box-title-style-default wd-fontsize-xl\" data-elementor-setting-key=\"title\">\n\t\t\t\t\t\t\t\tTerapie Ustawie\u0144 Systemowych\t\t\t\t\t\t<\/h2>\n\t\t\t\t\t\n\t\t\t\t\t<div class=\"info-box-inner reset-last-child\"data-elementor-setting-key=\"content\"><p data-brackets-id=\"118\">Podej\u015bcie pozwalaj\u0105ce zobaczy\u0107 szerszy kontekst \u2014 relacji, zale\u017cno\u015bci i porz\u0105dk\u00f3w, kt\u00f3re wp\u0142ywaj\u0105 na \u017cycie i biznes.<\/p>\n<p data-brackets-id=\"119\">Porz\u0105dkuje to, co pozostaje niewidoczne, a ma realny wp\u0142yw na decyzje.<\/p>\n<\/div>\n\n\t\t\t\t\t\t\t\t\t<\/div>\n\n\t\t\t\t\t\t\t\t\t<a href=\"#\" class=\"wd-info-box-link wd-fill\" aria-label=\"Infobox link\"><\/a>\n\t\t\t\t\t\t\t<\/div>\n\t\t<\/div>\n\t\t\t\t\t\t<\/div>\n\t\t\t\t<\/div>\n\t\t\t\t<div class=\"elementor-element elementor-element-204e965 elementor-widget elementor-widget-wd_infobox\" data-id=\"204e965\" data-element_type=\"widget\" data-e-type=\"widget\" data-widget_type=\"wd_infobox.default\">\n\t\t\t\t<div class=\"elementor-widget-container\">\n\t\t\t\t\t\t\t<div class=\"info-box-wrapper\">\n\t\t\t<div class=\"wd-info-box text-left box-icon-align-left box-style-base color-scheme- wd-items-middle\">\n\t\t\t\t\n\t\t\t\t<div class=\"info-box-content\">\n\t\t\t\t\t\n\t\t\t\t\t\t\t\t\t\t\t<h2\t\t\t\t\t\tclass=\"info-box-title title box-title-style-default wd-fontsize-xl\" data-elementor-setting-key=\"title\">\n\t\t\t\t\t\t\t\tPraca z nerwem b\u0142\u0119dnym\t\t\t\t\t\t<\/h2>\n\t\t\t\t\t\n\t\t\t\t\t<div class=\"info-box-inner reset-last-child\"data-elementor-setting-key=\"content\"><p data-brackets-id=\"123\">Podej\u015bcie wspieraj\u0105ce regulacj\u0119 wewn\u0119trzn\u0105 i odzyskanie stabilno\u015bci w sytuacjach przeci\u0105\u017cenia i napi\u0119cia.<\/p>\n<p data-brackets-id=\"124\">Przywraca stan sprzyjaj\u0105cy spokojnemu my\u015bleniu i adekwatnemu dzia\u0142aniu.<\/p>\n<\/div>\n\n\t\t\t\t\t\t\t\t\t<\/div>\n\n\t\t\t\t\t\t\t\t\t<a href=\"#\" class=\"wd-info-box-link wd-fill\" aria-label=\"Infobox link\"><\/a>\n\t\t\t\t\t\t\t<\/div>\n\t\t<\/div>\n\t\t\t\t\t\t<\/div>\n\t\t\t\t<\/div>\n\t\t\t\t<div class=\"elementor-element elementor-element-22593fd elementor-widget elementor-widget-wd_infobox\" data-id=\"22593fd\" data-element_type=\"widget\" data-e-type=\"widget\" data-widget_type=\"wd_infobox.default\">\n\t\t\t\t<div class=\"elementor-widget-container\">\n\t\t\t\t\t\t\t<div class=\"info-box-wrapper\">\n\t\t\t<div class=\"wd-info-box text-left box-icon-align-left box-style-base color-scheme- wd-items-middle\">\n\t\t\t\t\n\t\t\t\t<div class=\"info-box-content\">\n\t\t\t\t\t\n\t\t\t\t\t\t\t\t\t\t\t<h2\t\t\t\t\t\tclass=\"info-box-title title box-title-style-default wd-fontsize-xl\" data-elementor-setting-key=\"title\">\n\t\t\t\t\t\t\t\tTerapia wisceralna\t\t\t\t\t\t<\/h2>\n\t\t\t\t\t\n\t\t\t\t\t<div class=\"info-box-inner reset-last-child\"data-elementor-setting-key=\"content\"><p data-brackets-id=\"128\">Praca pog\u0142\u0119biaj\u0105ca kontakt z w\u0142asnym odczuwaniem i wewn\u0119trzn\u0105 r\u00f3wnowag\u0105.<\/p>\n<p data-brackets-id=\"129\">Wspiera uwalnianie napi\u0119\u0107 i przywraca naturaln\u0105 swobod\u0119 funkcjonowania.<\/p>\n<\/div>\n\n\t\t\t\t\t\t\t\t\t<\/div>\n\n\t\t\t\t\t\t\t\t\t<a href=\"#\" class=\"wd-info-box-link wd-fill\" aria-label=\"Infobox link\"><\/a>\n\t\t\t\t\t\t\t<\/div>\n\t\t<\/div>\n\t\t\t\t\t\t<\/div>\n\t\t\t\t<\/div>\n\t\t\t\t<div class=\"elementor-element elementor-element-ec5ca24 elementor-widget elementor-widget-wd_infobox\" data-id=\"ec5ca24\" data-element_type=\"widget\" data-e-type=\"widget\" data-widget_type=\"wd_infobox.default\">\n\t\t\t\t<div class=\"elementor-widget-container\">\n\t\t\t\t\t\t\t<div class=\"info-box-wrapper\">\n\t\t\t<div class=\"wd-info-box text-left box-icon-align-left box-style-base color-scheme- wd-items-middle\">\n\t\t\t\t\n\t\t\t\t<div class=\"info-box-content\">\n\t\t\t\t\t\n\t\t\t\t\t\t\t\t\t\t\t<h2\t\t\t\t\t\tclass=\"info-box-title title box-title-style-default wd-fontsize-xl\" data-elementor-setting-key=\"title\">\n\t\t\t\t\t\t\t\tWarsztaty\t\t\t\t\t\t<\/h2>\n\t\t\t\t\t\n\t\t\t\t\t<div class=\"info-box-inner reset-last-child\"data-elementor-setting-key=\"content\"><p data-brackets-id=\"133\">Praca w formie grupowej \u2014 dla biznesu, lider\u00f3w, coach\u00f3w oraz rodzin. Pozwalaj\u0105 zobaczy\u0107 dynamiki, kt\u00f3re ujawniaj\u0105 si\u0119 dopiero w relacji z innymi, oraz do\u015bwiadczy\u0107 proces\u00f3w, kt\u00f3rych nie da si\u0119 przeprowadzi\u0107 w pracy indywidualnej.<\/p>\n<p data-brackets-id=\"134\">To przestrze\u0144 intensywnej, ale uporz\u0105dkowanej pracy \u2014 prowadzonej z uwa\u017cno\u015bci\u0105 na ka\u017cdego uczestnika.<\/p>\n<\/div>\n\n\t\t\t\t\t\t\t\t\t<\/div>\n\n\t\t\t\t\t\t\t\t\t<a href=\"#\" class=\"wd-info-box-link wd-fill\" aria-label=\"Infobox link\"><\/a>\n\t\t\t\t\t\t\t<\/div>\n\t\t<\/div>\n\t\t\t\t\t\t<\/div>\n\t\t\t\t<\/div>\n\t\t\t\t\t<\/div>\n\t\t\t\t<\/div>\n\t\t\t\t<\/div>\n\t\t","protected":false},"excerpt":{"rendered":"<p>Metody pracy HomeStrona Nie pracuj\u0119 jedn\u0105 metod\u0105. Dobieram spos\u00f3b pracy do sytuacji, osoby i tego, co w danym momencie wymaga<\/p>\n","protected":false},"author":1,"featured_media":0,"parent":0,"menu_order":0,"comment_status":"closed","ping_status":"closed","template":"","meta":{"footnotes":""},"class_list":["post-210","page","type-page","status-publish","hentry"],"_links":{"self":[{"href":"https:\/\/artur.norbibednar.dev\/index.php\/wp-json\/wp\/v2\/pages\/210","targetHints":{"allow":["GET"]}}],"collection":[{"href":"https:\/\/artur.norbibednar.dev\/index.php\/wp-json\/wp\/v2\/pages"}],"about":[{"href":"https:\/\/artur.norbibednar.dev\/index.php\/wp-json\/wp\/v2\/types\/page"}],"author":[{"embeddable":true,"href":"https:\/\/artur.norbibednar.dev\/index.php\/wp-json\/wp\/v2\/users\/1"}],"replies":[{"embeddable":true,"href":"https:\/\/artur.norbibednar.dev\/index.php\/wp-json\/wp\/v2\/comments?post=210"}],"version-history":[{"count":37,"href":"https:\/\/artur.norbibednar.dev\/index.php\/wp-json\/wp\/v2\/pages\/210\/revisions"}],"predecessor-version":[{"id":250,"href":"https:\/\/artur.norbibednar.dev\/index.php\/wp-json\/wp\/v2\/pages\/210\/revisions\/250"}],"wp:attachment":[{"href":"https:\/\/artur.norbibednar.dev\/index.php\/wp-json\/wp\/v2\/media?parent=210"}],"curies":[{"name":"wp","href":"https:\/\/api.w.org\/{rel}","templated":true}]}}