{"id":124,"date":"2026-04-15T11:01:35","date_gmt":"2026-04-15T11:01:35","guid":{"rendered":"https:\/\/artur.norbibednar.dev\/?page_id=124"},"modified":"2026-04-15T12:05:59","modified_gmt":"2026-04-15T12:05:59","slug":"o-mnie","status":"publish","type":"page","link":"https:\/\/artur.norbibednar.dev\/index.php\/o-mnie\/","title":{"rendered":"O mnie"},"content":{"rendered":"\t\t<div data-elementor-type=\"wp-page\" data-elementor-id=\"124\" class=\"elementor elementor-124\">\n\t\t\t\t<div class=\"wd-negative-gap elementor-element elementor-element-d5cfd9b e-flex e-con-boxed e-con e-parent\" data-id=\"d5cfd9b\" data-element_type=\"container\" data-e-type=\"container\">\n\t\t\t\t\t<div class=\"e-con-inner\">\n\t\t\t\t<div class=\"elementor-element elementor-element-14a4c4d wd-parallax-on-scroll wd_scroll_x_0 wd_scroll_y_400 wd_scroll_smoothness_30 elementor-widget elementor-widget-wd_image_or_svg\" data-id=\"14a4c4d\" data-element_type=\"widget\" data-e-type=\"widget\" data-widget_type=\"wd_image_or_svg.default\">\n\t\t\t\t<div class=\"elementor-widget-container\">\n\t\t\t\t\t\n\t\t<div class=\"wd-image text-left\">\n\t\t\t\t\t\t\t\t<img loading=\"lazy\" decoding=\"async\" width=\"1024\" height=\"1024\" src=\"https:\/\/artur.norbibednar.dev\/wp-content\/uploads\/2026\/04\/Strona-glowna-START.png\" class=\"attachment-full size-full\" alt=\"\" srcset=\"https:\/\/artur.norbibednar.dev\/wp-content\/uploads\/2026\/04\/Strona-glowna-START.png 1024w, https:\/\/artur.norbibednar.dev\/wp-content\/uploads\/2026\/04\/Strona-glowna-START-300x300.png 300w, https:\/\/artur.norbibednar.dev\/wp-content\/uploads\/2026\/04\/Strona-glowna-START-150x150.png 150w, https:\/\/artur.norbibednar.dev\/wp-content\/uploads\/2026\/04\/Strona-glowna-START-768x768.png 768w, https:\/\/artur.norbibednar.dev\/wp-content\/uploads\/2026\/04\/Strona-glowna-START-600x600.png 600w\" sizes=\"auto, (max-width: 1024px) 100vw, 1024px\" \/>\t\t\t\t\t<\/div>\n\n\t\t\t\t\t\t<\/div>\n\t\t\t\t<\/div>\n\t\t<div class=\"elementor-element elementor-element-081e3e5 e-con-full e-flex e-con e-child\" data-id=\"081e3e5\" data-element_type=\"container\" data-e-type=\"container\">\n\t\t\t\t<div class=\"elementor-element elementor-element-fa90f1d wd-el-breadcrumbs text-left elementor-widget elementor-widget-wd_element_breadcrumbs\" data-id=\"fa90f1d\" data-element_type=\"widget\" data-e-type=\"widget\" data-widget_type=\"wd_element_breadcrumbs.default\">\n\t\t\t\t<div class=\"elementor-widget-container\">\n\t\t\t\t\t<nav class=\"wd-breadcrumbs\"><a href=\"https:\/\/artur.norbibednar.dev\/\">Home<\/a><span class=\"wd-delimiter\"><\/span><span class=\"wd-last\">Strona<\/span><\/nav>\t\t\t\t<\/div>\n\t\t\t\t<\/div>\n\t\t\t\t<div class=\"elementor-element elementor-element-962c793 wd-width-100 elementor-widget elementor-widget-wd_title\" data-id=\"962c793\" data-element_type=\"widget\" data-e-type=\"widget\" data-widget_type=\"wd_title.default\">\n\t\t\t\t<div class=\"elementor-widget-container\">\n\t\t\t\t\t\t\t<div class=\"title-wrapper wd-set-mb reset-last-child wd-title-color-default wd-title-style-default wd-title-size-extra-large text-left\">\n\n\t\t\t\n\t\t\t<div class=\"liner-continer\">\n\t\t\t\t<h1 class=\"woodmart-title-container title wd-fontsize-xxxl\">Spok\u00f3j, wiedza i dyskrecja.<\/h1> \n\t\t\t\t\t\t\t<\/div>\n\n\t\t\t\t\t<\/div>\n\t\t\t\t\t\t<\/div>\n\t\t\t\t<\/div>\n\t\t\t\t<div class=\"elementor-element elementor-element-8c1ab50 elementor-widget elementor-widget-wd_text_block\" data-id=\"8c1ab50\" data-element_type=\"widget\" data-e-type=\"widget\" data-widget_type=\"wd_text_block.default\">\n\t\t\t\t<div class=\"elementor-widget-container\">\n\t\t\t\t\t\t\t<div class=\"wd-text-block reset-last-child text-left\">\n\t\t\t\n\t\t\t<p>Od ponad 15 lat towarzysz\u0119 osobom, od kt\u00f3rych wiele zale\u017cy \u2014 w momentach kluczowych decyzji, g\u0142\u0119bokich zmian i odpowiedzialno\u015bci, kt\u00f3rej cz\u0119sto nie wida\u0107 z zewn\u0105trz.<\/p><p>Moja droga zawodowa to po\u0142\u0105czenie coachingu, terapii systemowej oraz zaawansowanej pracy z psychosomatyk\u0105. Wierz\u0119, \u017ce skuteczny lider to osoba, kt\u00f3ra potrafi zachowa\u0107 klarowno\u015b\u0107 umys\u0142u nie tylko w Excelu, ale przede wszystkim w kontakcie z w\u0142asnym uk\u0142adem nerwowym i systemem rodzinnym.<\/p>\n\t\t\t\t\t<\/div>\n\t\t\t\t\t\t<\/div>\n\t\t\t\t<\/div>\n\t\t<div class=\"elementor-element elementor-element-efb6abd e-con-full e-flex e-con e-child\" data-id=\"efb6abd\" data-element_type=\"container\" data-e-type=\"container\" data-settings=\"{&quot;background_background&quot;:&quot;classic&quot;}\">\n\t\t\t\t<div class=\"elementor-element elementor-element-0499d5e wd-width-100 elementor-widget elementor-widget-wd_title\" data-id=\"0499d5e\" data-element_type=\"widget\" data-e-type=\"widget\" data-widget_type=\"wd_title.default\">\n\t\t\t\t<div class=\"elementor-widget-container\">\n\t\t\t\t\t\t\t<div class=\"title-wrapper wd-set-mb reset-last-child wd-title-color-default wd-title-style-default wd-title-size-medium text-left\">\n\n\t\t\t\n\t\t\t<div class=\"liner-continer\">\n\t\t\t\t<h3 class=\"woodmart-title-container title wd-fontsize-xl\">Wsparcie dla pokole\u0144<\/h3> \n\t\t\t\t\t\t\t<\/div>\n\n\t\t\t\t\t<\/div>\n\t\t\t\t\t\t<\/div>\n\t\t\t\t<\/div>\n\t\t\t\t<div class=\"elementor-element elementor-element-ae729ae elementor-widget elementor-widget-wd_text_block\" data-id=\"ae729ae\" data-element_type=\"widget\" data-e-type=\"widget\" data-widget_type=\"wd_text_block.default\">\n\t\t\t\t<div class=\"elementor-widget-container\">\n\t\t\t\t\t\t\t<div class=\"wd-text-block reset-last-child text-left\">\n\t\t\t\n\t\t\t<p>W obszarze mojej pracy mie\u015bci si\u0119 r\u00f3wnie\u017c to, co najbli\u017csze \u2014 rodzina. W razie potrzeby obejmuj\u0119 wsparciem tak\u017ce m\u0142ode pokolenie, pomagaj\u0105c dzieciom i m\u0142odzie\u017cy lider\u00f3w odnale\u017a\u0107 ich w\u0142asny kierunek i wewn\u0119trzn\u0105 stabilno\u015b\u0107 w \u015bwiecie du\u017cych oczekiwa\u0144.<\/p>\n\t\t\t\t\t<\/div>\n\t\t\t\t\t\t<\/div>\n\t\t\t\t<\/div>\n\t\t\t\t<\/div>\n\t\t\t\t<div class=\"elementor-element elementor-element-ebfed02 elementor-widget elementor-widget-wd_text_block\" data-id=\"ebfed02\" data-element_type=\"widget\" data-e-type=\"widget\" data-widget_type=\"wd_text_block.default\">\n\t\t\t\t<div class=\"elementor-widget-container\">\n\t\t\t\t\t\t\t<div class=\"wd-text-block reset-last-child text-left\">\n\t\t\t\n\t\t\t<p>Pracuj\u0119 spokojnie. Bez zb\u0119dnych s\u0142\u00f3w. Skupiam si\u0119 na tym, co ukryte pod powierzchni\u0105 konflikt\u00f3w w firmie czy napi\u0119\u0107 w ciele, aby przywr\u00f3ci\u0107 naturalny porz\u0105dek i zdolno\u015b\u0107 do dzia\u0142ania.<\/p>\n\t\t\t\t\t<\/div>\n\t\t\t\t\t\t<\/div>\n\t\t\t\t<\/div>\n\t\t\t\t<\/div>\n\t\t\t\t\t<\/div>\n\t\t\t\t<\/div>\n\t\t\t\t<\/div>\n\t\t","protected":false},"excerpt":{"rendered":"<p>HomeStrona Spok\u00f3j, wiedza i dyskrecja. Od ponad 15 lat towarzysz\u0119 osobom, od kt\u00f3rych wiele zale\u017cy \u2014 w momentach kluczowych decyzji,<\/p>\n","protected":false},"author":1,"featured_media":0,"parent":0,"menu_order":0,"comment_status":"closed","ping_status":"closed","template":"","meta":{"footnotes":""},"class_list":["post-124","page","type-page","status-publish","hentry"],"_links":{"self":[{"href":"https:\/\/artur.norbibednar.dev\/index.php\/wp-json\/wp\/v2\/pages\/124","targetHints":{"allow":["GET"]}}],"collection":[{"href":"https:\/\/artur.norbibednar.dev\/index.php\/wp-json\/wp\/v2\/pages"}],"about":[{"href":"https:\/\/artur.norbibednar.dev\/index.php\/wp-json\/wp\/v2\/types\/page"}],"author":[{"embeddable":true,"href":"https:\/\/artur.norbibednar.dev\/index.php\/wp-json\/wp\/v2\/users\/1"}],"replies":[{"embeddable":true,"href":"https:\/\/artur.norbibednar.dev\/index.php\/wp-json\/wp\/v2\/comments?post=124"}],"version-history":[{"count":79,"href":"https:\/\/artur.norbibednar.dev\/index.php\/wp-json\/wp\/v2\/pages\/124\/revisions"}],"predecessor-version":[{"id":209,"href":"https:\/\/artur.norbibednar.dev\/index.php\/wp-json\/wp\/v2\/pages\/124\/revisions\/209"}],"wp:attachment":[{"href":"https:\/\/artur.norbibednar.dev\/index.php\/wp-json\/wp\/v2\/media?parent=124"}],"curies":[{"name":"wp","href":"https:\/\/api.w.org\/{rel}","templated":true}]}}